{"id":2315,"date":"2017-08-21T20:47:06","date_gmt":"2017-08-21T17:47:06","guid":{"rendered":"https:\/\/vogue-design.net\/about\/what-we-do\/"},"modified":"2017-10-30T18:44:20","modified_gmt":"2017-10-30T15:44:20","slug":"what-we-do","status":"publish","type":"page","link":"https:\/\/vogue-design.net\/tr\/about\/what-we-do\/","title":{"rendered":"Hizmetler"},"content":{"rendered":"[vc_row type=&#8221;full_width_background&#8221; full_screen_row_position=&#8221;middle&#8221; equal_height=&#8221;yes&#8221; content_placement=&#8221;middle&#8221; bg_image=&#8221;435&#8243; bg_position=&#8221;center center&#8221; bg_repeat=&#8221;no-repeat&#8221; full_height=&#8221;yes&#8221; bg_color=&#8221;#ffffff&#8221; scene_position=&#8221;center&#8221; text_color=&#8221;dark&#8221; text_align=&#8221;left&#8221; row_name=&#8221;Hello Dear :)&#8221; overlay_strength=&#8221;0.3&#8243; shape_divider_position=&#8221;bottom&#8221;][vc_column centered_text=&#8221;true&#8221; column_padding=&#8221;no-extra-padding&#8221; column_padding_position=&#8221;all&#8221; background_color_opacity=&#8221;1&#8243; background_hover_color_opacity=&#8221;1&#8243; column_shadow=&#8221;none&#8221; column_border_radius=&#8221;none&#8221; width=&#8221;1\/1&#8243; tablet_text_alignment=&#8221;default&#8221; phone_text_alignment=&#8221;default&#8221; column_border_width=&#8221;none&#8221; column_border_style=&#8221;solid&#8221;][vc_row_inner equal_height=&#8221;yes&#8221; content_placement=&#8221;middle&#8221; column_margin=&#8221;default&#8221; text_align=&#8221;left&#8221;][vc_column_inner enable_animation=&#8221;true&#8221; animation=&#8221;fade-in-from-bottom&#8221; column_padding=&#8221;no-extra-padding&#8221; column_padding_position=&#8221;all&#8221; centered_text=&#8221;true&#8221; background_color_opacity=&#8221;1&#8243; background_hover_color_opacity=&#8221;1&#8243; column_shadow=&#8221;none&#8221; column_border_radius=&#8221;none&#8221; width=&#8221;1\/4&#8243; column_border_width=&#8221;none&#8221; column_border_style=&#8221;solid&#8221; delay=&#8221;200&#8243;][\/vc_column_inner][vc_column_inner column_padding=&#8221;no-extra-padding&#8221; column_padding_position=&#8221;all&#8221; background_color_opacity=&#8221;1&#8243; background_hover_color_opacity=&#8221;1&#8243; column_shadow=&#8221;none&#8221; column_border_radius=&#8221;none&#8221; width=&#8221;1\/2&#8243; column_border_width=&#8221;none&#8221; column_border_style=&#8221;solid&#8221;][vc_custom_heading text=&#8221;DO\u011eRU \u00c7\u00d6Z\u00dcMLER \u0130\u00c7\u0130N HER ZAMAN DO\u011eRU ARA\u00c7LAR.&#8221; font_container=&#8221;tag:h4|font_size:40|text_align:center|color:%23000000|line_height:50px&#8221; use_theme_fonts=&#8221;yes&#8221;][\/vc_column_inner][vc_column_inner column_padding=&#8221;no-extra-padding&#8221; column_padding_position=&#8221;all&#8221; background_color_opacity=&#8221;1&#8243; background_hover_color_opacity=&#8221;1&#8243; column_shadow=&#8221;none&#8221; column_border_radius=&#8221;none&#8221; width=&#8221;1\/4&#8243; column_border_width=&#8221;none&#8221; column_border_style=&#8221;solid&#8221;][\/vc_column_inner][\/vc_row_inner][\/vc_column][\/vc_row][vc_row type=&#8221;full_width_content&#8221; full_screen_row_position=&#8221;middle&#8221; equal_height=&#8221;yes&#8221; content_placement=&#8221;middle&#8221; bg_image=&#8221;390&#8243; bg_position=&#8221;center center&#8221; bg_repeat=&#8221;no-repeat&#8221; full_height=&#8221;yes&#8221; scene_position=&#8221;center&#8221; text_color=&#8221;dark&#8221; text_align=&#8221;left&#8221; id=&#8221;we_design&#8221; row_name=&#8221;We Design&#8221; overlay_strength=&#8221;0.3&#8243; shape_divider_position=&#8221;bottom&#8221;][vc_column centered_text=&#8221;true&#8221; column_padding=&#8221;no-extra-padding&#8221; column_padding_position=&#8221;all&#8221; background_color_opacity=&#8221;1&#8243; background_hover_color_opacity=&#8221;1&#8243; column_shadow=&#8221;none&#8221; column_border_radius=&#8221;none&#8221; width=&#8221;1\/1&#8243; tablet_text_alignment=&#8221;default&#8221; phone_text_alignment=&#8221;default&#8221; column_border_width=&#8221;none&#8221; column_border_style=&#8221;solid&#8221; offset=&#8221;vc_hidden-sm vc_hidden-xs&#8221;][vc_row_inner equal_height=&#8221;yes&#8221; content_placement=&#8221;middle&#8221; column_margin=&#8221;default&#8221; text_align=&#8221;left&#8221;][vc_column_inner enable_animation=&#8221;true&#8221; animation=&#8221;fade-in-from-bottom&#8221; column_padding=&#8221;no-extra-padding&#8221; column_padding_position=&#8221;all&#8221; centered_text=&#8221;true&#8221; background_color_opacity=&#8221;1&#8243; background_hover_color_opacity=&#8221;1&#8243; column_shadow=&#8221;none&#8221; column_border_radius=&#8221;none&#8221; width=&#8221;1\/2&#8243; column_border_width=&#8221;none&#8221; column_border_style=&#8221;solid&#8221; delay=&#8221;200&#8243;][vc_custom_heading text=&#8221;TASARIM&#8221; font_container=&#8221;tag:h4|font_size:40|text_align:center|color:%23000000|line_height:43px&#8221; use_theme_fonts=&#8221;yes&#8221;][vc_custom_heading text=&#8221;\u0130NCELEY\u0130N &gt;&#8221; font_container=&#8221;tag:h4|font_size:20|text_align:center|color:%23aa8a6f|line_height:22px&#8221; use_theme_fonts=&#8221;yes&#8221; link=&#8221;url:http%3A%2F%2Fvogue-design.net%2Fsite%2Fprojects%2F|||&#8221;][\/vc_column_inner][vc_column_inner enable_animation=&#8221;true&#8221; animation=&#8221;fade-in-from-bottom&#8221; column_padding=&#8221;padding-8-percent&#8221; column_padding_position=&#8221;all&#8221; centered_text=&#8221;true&#8221; background_color_opacity=&#8221;1&#8243; background_hover_color_opacity=&#8221;1&#8243; column_shadow=&#8221;none&#8221; column_border_radius=&#8221;none&#8221; width=&#8221;1\/2&#8243; column_border_width=&#8221;none&#8221; column_border_style=&#8221;solid&#8221; delay=&#8221;300&#8243;][vc_custom_heading text=&#8221;Vogue Design ayr\u0131cal\u0131k ve uzmanl\u0131\u011f\u0131n\u0131 sadece farkl\u0131 k\u00fclt\u00fcrlerden gelen tasar\u0131mc\u0131lar\u0131ndan de\u011fil ayn\u0131 zamanda ba\u011fl\u0131 bulundu\u011fu uluslararas\u0131 \u015firketlerin g\u00fcc\u00fcnden al\u0131r.&#8221; font_container=&#8221;tag:p|text_align:justify&#8221; use_theme_fonts=&#8221;yes&#8221;][\/vc_column_inner][\/vc_row_inner][\/vc_column][\/vc_row][vc_row type=&#8221;full_width_content&#8221; full_screen_row_position=&#8221;middle&#8221; equal_height=&#8221;yes&#8221; content_placement=&#8221;middle&#8221; bg_image=&#8221;407&#8243; bg_position=&#8221;center center&#8221; bg_repeat=&#8221;no-repeat&#8221; full_height=&#8221;yes&#8221; parallax_bg=&#8221;true&#8221; parallax_bg_speed=&#8221;medium&#8221; bg_color=&#8221;#fef6e2&#8243; scene_position=&#8221;center&#8221; text_color=&#8221;dark&#8221; text_align=&#8221;left&#8221; id=&#8221;we_build&#8221; row_name=&#8221;We Build&#8221; overlay_strength=&#8221;0.3&#8243; shape_divider_position=&#8221;bottom&#8221;][vc_column centered_text=&#8221;true&#8221; column_padding=&#8221;no-extra-padding&#8221; column_padding_position=&#8221;all&#8221; background_color_opacity=&#8221;1&#8243; background_hover_color_opacity=&#8221;1&#8243; column_shadow=&#8221;none&#8221; column_border_radius=&#8221;none&#8221; width=&#8221;1\/1&#8243; tablet_text_alignment=&#8221;default&#8221; phone_text_alignment=&#8221;default&#8221; column_border_width=&#8221;none&#8221; column_border_style=&#8221;solid&#8221;][vc_row_inner equal_height=&#8221;yes&#8221; content_placement=&#8221;middle&#8221; column_margin=&#8221;default&#8221; text_align=&#8221;left&#8221;][vc_column_inner enable_animation=&#8221;true&#8221; animation=&#8221;fade-in-from-bottom&#8221; column_padding=&#8221;no-extra-padding&#8221; column_padding_position=&#8221;all&#8221; centered_text=&#8221;true&#8221; background_color_opacity=&#8221;1&#8243; background_hover_color_opacity=&#8221;1&#8243; column_shadow=&#8221;none&#8221; column_border_radius=&#8221;none&#8221; width=&#8221;1\/2&#8243; column_border_width=&#8221;none&#8221; column_border_style=&#8221;solid&#8221; delay=&#8221;100&#8243;][vc_custom_heading text=&#8221;D\u0130ZAYN&#8221; font_container=&#8221;tag:h4|font_size:40|text_align:center|color:%23000000|line_height:43px&#8221; use_theme_fonts=&#8221;yes&#8221;][vc_custom_heading text=&#8221;\u0130NCELEY\u0130N&gt;&#8221; font_container=&#8221;tag:h4|font_size:20|text_align:center|color:%23aa8a6f|line_height:22px&#8221; use_theme_fonts=&#8221;yes&#8221; link=&#8221;url:http%3A%2F%2Fvogue-design.net%2Fsite%2Fprojects%2F|||&#8221;][\/vc_column_inner][vc_column_inner enable_animation=&#8221;true&#8221; animation=&#8221;fade-in-from-bottom&#8221; column_padding=&#8221;padding-8-percent&#8221; column_padding_position=&#8221;all&#8221; centered_text=&#8221;true&#8221; background_color_opacity=&#8221;1&#8243; background_hover_color_opacity=&#8221;1&#8243; column_shadow=&#8221;none&#8221; column_border_radius=&#8221;none&#8221; width=&#8221;1\/2&#8243; column_border_width=&#8221;none&#8221; column_border_style=&#8221;solid&#8221; delay=&#8221;150&#8243;][vc_custom_heading text=&#8221;Sadeli\u011fi \u015f\u0131kl\u0131kla birle\u015ftirdi\u011fimiz tasar\u0131mlar\u0131m\u0131z\u0131 m\u00fc\u015fterilerimizin istekleriyle uygun hale getirir ve d\u00fc\u015flerindeki mekanlar\u0131 dizayn ederiz.&#8221; font_container=&#8221;tag:p|text_align:justify|color:%23000000&#8243; use_theme_fonts=&#8221;yes&#8221;][\/vc_column_inner][\/vc_row_inner][\/vc_column][\/vc_row][vc_row type=&#8221;full_width_content&#8221; full_screen_row_position=&#8221;middle&#8221; equal_height=&#8221;yes&#8221; content_placement=&#8221;middle&#8221; bg_image=&#8221;392&#8243; bg_position=&#8221;center center&#8221; bg_repeat=&#8221;no-repeat&#8221; full_height=&#8221;yes&#8221; parallax_bg=&#8221;true&#8221; parallax_bg_speed=&#8221;medium&#8221; bg_color=&#8221;#f7f7f7&#8243; scene_position=&#8221;center&#8221; text_color=&#8221;dark&#8221; text_align=&#8221;left&#8221; id=&#8221;we_furnish&#8221; row_name=&#8221;We Furnish&#8221; overlay_strength=&#8221;0.3&#8243; shape_divider_position=&#8221;bottom&#8221;][vc_column centered_text=&#8221;true&#8221; column_padding=&#8221;no-extra-padding&#8221; column_padding_position=&#8221;all&#8221; background_color_opacity=&#8221;1&#8243; background_hover_color_opacity=&#8221;1&#8243; column_shadow=&#8221;none&#8221; column_border_radius=&#8221;none&#8221; width=&#8221;1\/1&#8243; tablet_text_alignment=&#8221;default&#8221; phone_text_alignment=&#8221;default&#8221; column_border_width=&#8221;none&#8221; column_border_style=&#8221;solid&#8221;][vc_row_inner equal_height=&#8221;yes&#8221; content_placement=&#8221;middle&#8221; column_margin=&#8221;default&#8221; text_align=&#8221;left&#8221;][vc_column_inner enable_animation=&#8221;true&#8221; animation=&#8221;fade-in-from-bottom&#8221; column_padding=&#8221;no-extra-padding&#8221; column_padding_position=&#8221;all&#8221; centered_text=&#8221;true&#8221; background_color_opacity=&#8221;1&#8243; background_hover_color_opacity=&#8221;1&#8243; column_shadow=&#8221;none&#8221; column_border_radius=&#8221;none&#8221; width=&#8221;1\/2&#8243; column_border_width=&#8221;none&#8221; column_border_style=&#8221;solid&#8221; delay=&#8221;100&#8243;][vc_custom_heading text=&#8221;ESTET\u0130K&#8221; font_container=&#8221;tag:h4|font_size:40|text_align:center|color:%23000000|line_height:43px&#8221; use_theme_fonts=&#8221;yes&#8221;][vc_custom_heading text=&#8221;\u0130NCELEY\u0130N &gt;&#8221; font_container=&#8221;tag:h4|font_size:20|text_align:center|color:%23aa8a6f|line_height:22px&#8221; use_theme_fonts=&#8221;yes&#8221; link=&#8221;url:http%3A%2F%2Fvogue-design.net%2Fsite%2Fprojects%2F|||&#8221;][\/vc_column_inner][vc_column_inner enable_animation=&#8221;true&#8221; animation=&#8221;fade-in-from-bottom&#8221; column_padding=&#8221;padding-8-percent&#8221; column_padding_position=&#8221;all&#8221; centered_text=&#8221;true&#8221; background_color_opacity=&#8221;1&#8243; background_hover_color_opacity=&#8221;1&#8243; column_shadow=&#8221;none&#8221; column_border_radius=&#8221;none&#8221; width=&#8221;1\/2&#8243; column_border_width=&#8221;none&#8221; column_border_style=&#8221;solid&#8221; delay=&#8221;150&#8243;][vc_custom_heading text=&#8221;Mekanlara uygun tasar\u0131mlar farkl\u0131 uzmanl\u0131klar\u0131 birarada gerektirir. Uygun \u00f6l\u00e7\u00fcmler, materyaller, \u0131\u015f\u0131k, kullan\u0131m kolayl\u0131klar\u0131 ve daha fazlas\u0131. M\u00fc\u015fterilerimizin istekleri do\u011frultusunda her bir detay\u0131 do\u011fru analiz ederek ya\u015fan\u0131labilir mekanlar yarat\u0131r\u0131z.&#8221; font_container=&#8221;tag:p|text_align:justify|color:%23000000&#8243; use_theme_fonts=&#8221;yes&#8221;][\/vc_column_inner][\/vc_row_inner][\/vc_column][\/vc_row][vc_row type=&#8221;full_width_content&#8221; full_screen_row_position=&#8221;middle&#8221; bg_color=&#8221;#ffffff&#8221; scene_position=&#8221;center&#8221; text_color=&#8221;dark&#8221; text_align=&#8221;left&#8221; id=&#8221;delivery_consultancy&#8221; row_name=&#8221;Delivery &amp; Consultancy&#8221; overlay_strength=&#8221;0.3&#8243; shape_divider_position=&#8221;bottom&#8221;][vc_column column_padding=&#8221;no-extra-padding&#8221; column_padding_position=&#8221;all&#8221; background_color_opacity=&#8221;1&#8243; background_hover_color_opacity=&#8221;1&#8243; column_shadow=&#8221;none&#8221; column_border_radius=&#8221;none&#8221; width=&#8221;1\/1&#8243; tablet_text_alignment=&#8221;default&#8221; phone_text_alignment=&#8221;default&#8221; column_border_width=&#8221;none&#8221; column_border_style=&#8221;solid&#8221;][vc_row_inner equal_height=&#8221;yes&#8221; column_margin=&#8221;default&#8221; text_align=&#8221;left&#8221;][vc_column_inner column_padding=&#8221;padding-8-percent&#8221; column_padding_position=&#8221;all&#8221; background_color_opacity=&#8221;0.8&#8243; background_hover_color_opacity=&#8221;1&#8243; column_shadow=&#8221;none&#8221; column_border_radius=&#8221;none&#8221; width=&#8221;1\/2&#8243; column_border_width=&#8221;1px&#8221; column_border_color=&#8221;#f7f7f7&#8243; column_border_style=&#8221;solid&#8221;][divider line_type=&#8221;No Line&#8221; custom_height=&#8221;150&#8243;][vc_custom_heading text=&#8221;ULA\u015eIM&#8221; font_container=&#8221;tag:h4|font_size:40|text_align:left|color:%23000000|line_height:43px&#8221; use_theme_fonts=&#8221;yes&#8221;][vc_custom_heading text=&#8221;B\u0130ZE ULA\u015eIN &gt;&#8221; font_container=&#8221;tag:h4|font_size:20|text_align:left|color:%23aa8a6f|line_height:22px&#8221; use_theme_fonts=&#8221;yes&#8221; link=&#8221;url:http%3A%2F%2Fvogue-design.net%2Ftr%2Fcontact%2F|||&#8221;][divider line_type=&#8221;No Line&#8221; custom_height=&#8221;50&#8243;][vc_custom_heading text=&#8221;Her m\u00fc\u015fterinin arzu ve istekleri farkl\u0131d\u0131r. Bunu deneyimlerimizden \u00e7ok iyi biliyoruz. \u0130stanbul gibi bir D\u00fcnya ba\u015fkentinde olman\u0131n verdi\u011fi avantajla tasar\u0131mlar\u0131m\u0131zda kullan\u0131lan b\u00fct\u00fcn malzemelere ula\u015fabilme f\u0131rsat\u0131n\u0131 an\u0131nda ger\u00e7ekle\u015ftirebiliyoruz. &#8221; font_container=&#8221;tag:p|text_align:justify|color:%23000000&#8243; use_theme_fonts=&#8221;yes&#8221;][divider line_type=&#8221;No Line&#8221; custom_height=&#8221;150&#8243;][\/vc_column_inner][vc_column_inner column_padding=&#8221;padding-8-percent&#8221; column_padding_position=&#8221;all&#8221; background_color_opacity=&#8221;1&#8243; background_hover_color_opacity=&#8221;1&#8243; column_shadow=&#8221;none&#8221; column_border_radius=&#8221;none&#8221; width=&#8221;1\/2&#8243; column_border_width=&#8221;1px&#8221; column_border_color=&#8221;#f7f7f7&#8243; column_border_style=&#8221;solid&#8221;][divider line_type=&#8221;No Line&#8221; custom_height=&#8221;150&#8243;][vc_custom_heading text=&#8221;DANI\u015eMANLIK&#8221; font_container=&#8221;tag:h4|font_size:40|text_align:left|color:%23000000|line_height:43px&#8221; use_theme_fonts=&#8221;yes&#8221;][vc_custom_heading text=&#8221;B\u0130ZE ULA\u015eIN &gt;&#8221; font_container=&#8221;tag:h4|font_size:20|text_align:left|color:%23aa8a6f|line_height:22px&#8221; use_theme_fonts=&#8221;yes&#8221; link=&#8221;url:http%3A%2F%2Fvogue-design.net%2Fsite%2Fcontact%2F|||&#8221;][divider line_type=&#8221;No Line&#8221; custom_height=&#8221;50&#8243;][vc_custom_heading text=&#8221;Tasar\u0131m alan\u0131ndaki uzmanl\u0131\u011f\u0131m\u0131z bu birikimimizi payla\u015fma olana\u011f\u0131 sa\u011fl\u0131yor. \u00d6l\u00e7\u00fcm, malzeme, estetik ve uyum gibi profesyonellik gerektiren alanlarda e\u011fitimler vererek dan\u0131\u015fmanl\u0131k alan\u0131nda da hizmet sunuyoruz.&#8221; font_container=&#8221;tag:p|text_align:justify|color:%23000000&#8243; use_theme_fonts=&#8221;yes&#8221;][divider line_type=&#8221;No Line&#8221; custom_height=&#8221;150&#8243;][\/vc_column_inner][\/vc_row_inner][\/vc_column][\/vc_row]\n","protected":false},"excerpt":{"rendered":"<p>[vc_row type=&#8221;full_width_background&#8221; full_screen_row_position=&#8221;middle&#8221; equal_height=&#8221;yes&#8221; content_placement=&#8221;middle&#8221; bg_image=&#8221;435&#8243; bg_position=&#8221;center center&#8221; bg_repeat=&#8221;no-repeat&#8221; full_height=&#8221;yes&#8221; bg_color=&#8221;#ffffff&#8221; scene_position=&#8221;center&#8221; text_color=&#8221;dark&#8221; text_align=&#8221;left&#8221; row_name=&#8221;Hello Dear :)&#8221; overlay_strength=&#8221;0.3&#8243; shape_divider_position=&#8221;bottom&#8221;][vc_column centered_text=&#8221;true&#8221; column_padding=&#8221;no-extra-padding&#8221; column_padding_position=&#8221;all&#8221; background_color_opacity=&#8221;1&#8243; background_hover_color_opacity=&#8221;1&#8243; column_shadow=&#8221;none&#8221; column_border_radius=&#8221;none&#8221; width=&#8221;1\/1&#8243; tablet_text_alignment=&#8221;default&#8221; phone_text_alignment=&#8221;default&#8221; column_border_width=&#8221;none&#8221;&#8230;<\/p>\n","protected":false},"author":1,"featured_media":0,"parent":2309,"menu_order":3,"comment_status":"closed","ping_status":"closed","template":"","meta":{"footnotes":""},"class_list":["post-2315","page","type-page","status-publish"],"yoast_head":"<!-- This site is optimized with the Yoast SEO Premium plugin v15.4 - https:\/\/yoast.com\/wordpress\/plugins\/seo\/ -->\n<title>Hizmetler &bull; Vogue Design<\/title>\n<meta name=\"robots\" content=\"index, follow, max-snippet:-1, max-image-preview:large, max-video-preview:-1\" \/>\n<link rel=\"canonical\" href=\"https:\/\/vogue-design.net\/tr\/about\/what-we-do\/\" \/>\n<meta property=\"og:locale\" content=\"tr_TR\" \/>\n<meta property=\"og:type\" content=\"article\" \/>\n<meta property=\"og:title\" content=\"Hizmetler &bull; Vogue Design\" \/>\n<meta property=\"og:description\" content=\"[vc_row type=&#8221;full_width_background&#8221; full_screen_row_position=&#8221;middle&#8221; equal_height=&#8221;yes&#8221; content_placement=&#8221;middle&#8221; bg_image=&#8221;435&#8243; bg_position=&#8221;center center&#8221; bg_repeat=&#8221;no-repeat&#8221; full_height=&#8221;yes&#8221; bg_color=&#8221;#ffffff&#8221; scene_position=&#8221;center&#8221; text_color=&#8221;dark&#8221; text_align=&#8221;left&#8221; row_name=&#8221;Hello Dear :)&#8221; overlay_strength=&#8221;0.3&#8243; shape_divider_position=&#8221;bottom&#8221;][vc_column centered_text=&#8221;true&#8221; column_padding=&#8221;no-extra-padding&#8221; column_padding_position=&#8221;all&#8221; background_color_opacity=&#8221;1&#8243; background_hover_color_opacity=&#8221;1&#8243; column_shadow=&#8221;none&#8221; column_border_radius=&#8221;none&#8221; width=&#8221;1\/1&#8243; tablet_text_alignment=&#8221;default&#8221; phone_text_alignment=&#8221;default&#8221; column_border_width=&#8221;none&#8221;...\" \/>\n<meta property=\"og:url\" content=\"https:\/\/vogue-design.net\/tr\/about\/what-we-do\/\" \/>\n<meta property=\"og:site_name\" content=\"Vogue Design\" \/>\n<meta property=\"article:publisher\" content=\"https:\/\/www.facebook.com\/voguedesign.co\/\" \/>\n<meta property=\"article:modified_time\" content=\"2017-10-30T15:44:20+00:00\" \/>\n<meta property=\"og:image\" content=\"https:\/\/i0.wp.com\/vogue-design.net\/wp-content\/uploads\/2018\/12\/Artboard-1-100.jpg?fit=842%2C596&#038;ssl=1\" \/>\n\t<meta property=\"og:image:width\" content=\"842\" \/>\n\t<meta property=\"og:image:height\" content=\"596\" \/>\n<meta property=\"fb:app_id\" content=\"966242223397117\" \/>\n<meta name=\"twitter:card\" content=\"summary_large_image\" \/>\n<meta name=\"twitter:label1\" content=\"Yazan:\">\n\t<meta name=\"twitter:data1\" content=\"AdmVogin\">\n\t<meta name=\"twitter:label2\" content=\"Tahmini okuma s\u00fcresi\">\n\t<meta name=\"twitter:data2\" content=\"7 dakika\">\n<script type=\"application\/ld+json\" class=\"yoast-schema-graph\">{\"@context\":\"https:\/\/schema.org\",\"@graph\":[{\"@type\":\"Organization\",\"@id\":\"https:\/\/vogue-design.net\/tr\/#organization\",\"name\":\"VOGUE DESIGN\",\"url\":\"https:\/\/vogue-design.net\/tr\/\",\"sameAs\":[\"https:\/\/www.facebook.com\/voguedesign.co\/\",\"https:\/\/www.instagram.com\/voguedesign.co\/\",\"https:\/\/www.linkedin.com\/company\/vogue-design\/\",\"https:\/\/www.youtube.com\/channel\/UCqYyH4hj6PYwC8Bx1YYaeyQ\",\"https:\/\/tr.pinterest.com\/VogueDesignCo\/\"],\"logo\":{\"@type\":\"ImageObject\",\"@id\":\"https:\/\/vogue-design.net\/tr\/#logo\",\"inLanguage\":\"tr\",\"url\":\"https:\/\/i0.wp.com\/vogue-design.net\/wp-content\/uploads\/2018\/10\/Vogue-Design-Logo-01.png?fit=1331%2C779&ssl=1\",\"width\":1331,\"height\":779,\"caption\":\"VOGUE DESIGN\"},\"image\":{\"@id\":\"https:\/\/vogue-design.net\/tr\/#logo\"}},{\"@type\":\"WebSite\",\"@id\":\"https:\/\/vogue-design.net\/tr\/#website\",\"url\":\"https:\/\/vogue-design.net\/tr\/\",\"name\":\"Vogue Design, for Decoration and inter\\u0131or design\",\"description\":\"Internal Design and Decoration\",\"publisher\":{\"@id\":\"https:\/\/vogue-design.net\/tr\/#organization\"},\"potentialAction\":[{\"@type\":\"SearchAction\",\"target\":\"https:\/\/vogue-design.net\/tr\/?s={search_term_string}\",\"query-input\":\"required name=search_term_string\"}],\"inLanguage\":\"tr\"},{\"@type\":\"WebPage\",\"@id\":\"https:\/\/vogue-design.net\/tr\/about\/what-we-do\/#webpage\",\"url\":\"https:\/\/vogue-design.net\/tr\/about\/what-we-do\/\",\"name\":\"Hizmetler &bull; Vogue Design\",\"isPartOf\":{\"@id\":\"https:\/\/vogue-design.net\/tr\/#website\"},\"datePublished\":\"2017-08-21T17:47:06+00:00\",\"dateModified\":\"2017-10-30T15:44:20+00:00\",\"inLanguage\":\"tr\",\"potentialAction\":[{\"@type\":\"ReadAction\",\"target\":[\"https:\/\/vogue-design.net\/tr\/about\/what-we-do\/\"]}]}]}<\/script>\n<!-- \/ Yoast SEO Premium plugin. -->","jetpack_shortlink":"https:\/\/wp.me\/P9Hw93-Bl","jetpack_sharing_enabled":true,"_links":{"self":[{"href":"https:\/\/vogue-design.net\/tr\/wp-json\/wp\/v2\/pages\/2315","targetHints":{"allow":["GET"]}}],"collection":[{"href":"https:\/\/vogue-design.net\/tr\/wp-json\/wp\/v2\/pages"}],"about":[{"href":"https:\/\/vogue-design.net\/tr\/wp-json\/wp\/v2\/types\/page"}],"author":[{"embeddable":true,"href":"https:\/\/vogue-design.net\/tr\/wp-json\/wp\/v2\/users\/1"}],"replies":[{"embeddable":true,"href":"https:\/\/vogue-design.net\/tr\/wp-json\/wp\/v2\/comments?post=2315"}],"version-history":[{"count":5,"href":"https:\/\/vogue-design.net\/tr\/wp-json\/wp\/v2\/pages\/2315\/revisions"}],"predecessor-version":[{"id":2412,"href":"https:\/\/vogue-design.net\/tr\/wp-json\/wp\/v2\/pages\/2315\/revisions\/2412"}],"up":[{"embeddable":true,"href":"https:\/\/vogue-design.net\/tr\/wp-json\/wp\/v2\/pages\/2309"}],"wp:attachment":[{"href":"https:\/\/vogue-design.net\/tr\/wp-json\/wp\/v2\/media?parent=2315"}],"curies":[{"name":"wp","href":"https:\/\/api.w.org\/{rel}","templated":true}]}}